{"id":265,"date":"2017-05-31T16:51:49","date_gmt":"2017-05-31T14:51:49","guid":{"rendered":"http:\/\/tripper.be\/blog\/?page_id=265"},"modified":"2017-06-07T07:48:50","modified_gmt":"2017-06-07T05:48:50","slug":"ardeche-8-dagen","status":"publish","type":"page","link":"http:\/\/advadi.be\/blog\/index.php\/ardeche-8-dagen\/","title":{"rendered":"Ard\u00eache (8 dagen)"},"content":{"rendered":"<p><img loading=\"lazy\" class=\"alignright size-medium wp-image-282\" src=\"http:\/\/tripper.be\/blog\/wp-content\/uploads\/2017\/05\/18697979_10208867367297297_8518806750936071286_n-300x169.jpg\" alt=\"\" width=\"300\" height=\"169\" srcset=\"http:\/\/advadi.be\/blog\/wp-content\/uploads\/2017\/05\/18697979_10208867367297297_8518806750936071286_n-300x169.jpg 300w, http:\/\/advadi.be\/blog\/wp-content\/uploads\/2017\/05\/18697979_10208867367297297_8518806750936071286_n-768x432.jpg 768w, http:\/\/advadi.be\/blog\/wp-content\/uploads\/2017\/05\/18697979_10208867367297297_8518806750936071286_n-480x270.jpg 480w, http:\/\/advadi.be\/blog\/wp-content\/uploads\/2017\/05\/18697979_10208867367297297_8518806750936071286_n.jpg 960w\" sizes=\"(max-width: 300px) 100vw, 300px\" \/>De Ard\u00eache, elk jaar weer trekken in de zomermaanden duizenden mensen op reis naar deze prachtige streek. Meestal is het daar dan ook zeer warm, t\u00e9 warm voor motorrijders.<\/p>\n<p>Maar in het voorjaar en najaar is het er heerlijk vertoeven. Geen drukte van andere vakantiegangers en doorgaans een aangenaam temperatuurtje. Op de hoogtes kan het zelfs aan de frisse kant zijn.<\/p>\n<p>Voor motorrijders die graag bochtenwerk doen, is dit een Walhalla.<\/p>\n<p>De 8-daagse reis gaat via een tussenstop in de Morvan naar de uitvalsbasis voor de rest van de vakantie, de huiselijke B&amp;B van <a href=\"http:\/\/www.motorrijden.fr\/nl\/algemene_informatie.htm\">Domaine de l&#8217;Amiral.<\/a><\/p>\n<p>Deze B&amp;B voorziet in een motorarrangement aan een democratische prijs en stelt een aantal mooie routes in de streek ter beschikking.\u00a0We hebben van deze routes uiteraard dankbaar gebruik gemaakt. Scheelde een hele hoop tekenwerk.<\/p>\n<p>De route naar huis gaat in \u00e9\u00e9n ruk over de P\u00e9age. Kies je ervoor om dat niet te doen, is de aanrijroute in omgekeerde volgorde een aanrader. Trek dan wel een dagje extra uit.<\/p>\n","protected":false},"excerpt":{"rendered":"<p>De Ard\u00eache, elk jaar weer trekken in de zomermaanden duizenden mensen op reis naar deze prachtige streek. Meestal is het daar dan ook zeer warm, t\u00e9 warm voor motorrijders. Maar in het voorjaar en najaar is het er heerlijk vertoeven. Geen drukte van andere vakantiegangers en doorgaans een aangenaam temperatuurtje. Op de hoogtes kan het zelfs aan de frisse kant zijn. Voor motorrijders die graag bochtenwerk doen, is dit een Walhalla. De 8-daagse reis gaat via een tussenstop in de&#8230;<\/p>\n<p class=\"read-more\"><a class=\"btn btn-default\" href=\"http:\/\/advadi.be\/blog\/index.php\/ardeche-8-dagen\/\"> Lees Meer<span class=\"screen-reader-text\">  Lees Meer<\/span><\/a><\/p>\n","protected":false},"author":1,"featured_media":0,"parent":0,"menu_order":0,"comment_status":"closed","ping_status":"closed","template":"","meta":{"_bbp_topic_count":0,"_bbp_reply_count":0,"_bbp_total_topic_count":0,"_bbp_total_reply_count":0,"_bbp_voice_count":0,"_bbp_anonymous_reply_count":0,"_bbp_topic_count_hidden":0,"_bbp_reply_count_hidden":0,"_bbp_forum_subforum_count":0},"_links":{"self":[{"href":"http:\/\/advadi.be\/blog\/index.php\/wp-json\/wp\/v2\/pages\/265"}],"collection":[{"href":"http:\/\/advadi.be\/blog\/index.php\/wp-json\/wp\/v2\/pages"}],"about":[{"href":"http:\/\/advadi.be\/blog\/index.php\/wp-json\/wp\/v2\/types\/page"}],"author":[{"embeddable":true,"href":"http:\/\/advadi.be\/blog\/index.php\/wp-json\/wp\/v2\/users\/1"}],"replies":[{"embeddable":true,"href":"http:\/\/advadi.be\/blog\/index.php\/wp-json\/wp\/v2\/comments?post=265"}],"version-history":[{"count":6,"href":"http:\/\/advadi.be\/blog\/index.php\/wp-json\/wp\/v2\/pages\/265\/revisions"}],"predecessor-version":[{"id":338,"href":"http:\/\/advadi.be\/blog\/index.php\/wp-json\/wp\/v2\/pages\/265\/revisions\/338"}],"wp:attachment":[{"href":"http:\/\/advadi.be\/blog\/index.php\/wp-json\/wp\/v2\/media?parent=265"}],"curies":[{"name":"wp","href":"https:\/\/api.w.org\/{rel}","templated":true}]}}